{"id":711,"date":"2018-08-07T10:18:22","date_gmt":"2018-08-07T09:18:22","guid":{"rendered":"http:\/\/www.villapastisbarjac.com\/?page_id=711"},"modified":"2021-09-11T17:40:48","modified_gmt":"2021-09-11T16:40:48","slug":"cycling-in-france","status":"publish","type":"page","link":"https:\/\/www.villapastisbarjac.com\/fr\/location\/cycling-in-france\/","title":{"rendered":"Forfaits Cyclisme pour Groupes"},"content":{"rendered":"<div class=\"wpb-content-wrapper\"><p>[vc_row][vc_column width=\u00a0\u00bb8\/12&Prime;][vc_column_text]<\/p>\n<h3>Forfaits cyclisme pour groupe basse saison<\/h3>\n<h5>Le Tour de France traverse r\u00e9guli\u00e8rement notre r\u00e9gion. Les itin\u00e9raires parcourus comprennent des plateaux, des ascensions et la nature sauvage de l&rsquo;Ard\u00e8che.<\/h5>\n<p>[\/vc_column_text][\/vc_column][vc_column width=\u00a0\u00bb1\/2&Prime;][vc_column_text][\/vc_column_text][\/vc_column][vc_column width=\u00a0\u00bb1\/2&Prime;][vc_column_text]<a href=\"http:\/\/www.cycling-challenge.com\/gorges-de-lardeche\/\">http:\/\/www.cycling-challenge.com\/gorges-de-lardeche\/<\/a>[\/vc_column_text][\/vc_column][\/vc_row][vc_row full_width=\u00a0\u00bbstretch_row_content_no_spaces\u00a0\u00bb parallax=\u00a0\u00bbcontent-moving\u00a0\u00bb parallax_image=\u00a0\u00bb527&Prime; parallax_speed_bg=\u00a0\u00bb1.3&Prime;][vc_column][vc_empty_space height=\u00a0\u00bb650px\u00a0\u00bb el_class=\u00a0\u00bbhidden-xs hidden-sm hidden-md\u00a0\u00bb][vc_empty_space height=\u00a0\u00bb370px\u00a0\u00bb el_class=\u00a0\u00bbhidden-lg\u00a0\u00bb][\/vc_column][\/vc_row]<\/p>\n<\/div>","protected":false},"excerpt":{"rendered":"<p>[vc_row][vc_column width=\u00a0\u00bb8\/12&Prime;][vc_column_text] Forfaits cyclisme pour groupe basse saison Le Tour de France traverse r\u00e9guli\u00e8rement notre r\u00e9gion. Les itin\u00e9raires parcourus comprennent des plateaux, des ascensions et la nature sauvage de l&rsquo;Ard\u00e8che. [\/vc_column_text][\/vc_column][vc_column width=\u00a0\u00bb1\/2&Prime;][vc_column_text][\/vc_column_text][\/vc_column][vc_column width=\u00a0\u00bb1\/2&Prime;][vc_column_text]http:\/\/www.cycling-challenge.com\/gorges-de-lardeche\/[\/vc_column_text][\/vc_column][\/vc_row][vc_row full_width=\u00a0\u00bbstretch_row_content_no_spaces\u00a0\u00bb parallax=\u00a0\u00bbcontent-moving\u00a0\u00bb parallax_image=\u00a0\u00bb527&Prime; parallax_speed_bg=\u00a0\u00bb1.3&Prime;][vc_column][vc_empty_space height=\u00a0\u00bb650px\u00a0\u00bb el_class=\u00a0\u00bbhidden-xs hidden-sm hidden-md\u00a0\u00bb][vc_empty_space height=\u00a0\u00bb370px\u00a0\u00bb el_class=\u00a0\u00bbhidden-lg\u00a0\u00bb][\/vc_column][\/vc_row]<\/p>\n","protected":false},"author":1,"featured_media":0,"parent":104,"menu_order":0,"comment_status":"closed","ping_status":"closed","template":"","meta":{"_acf_changed":false,"footnotes":""},"acf":[],"_links":{"self":[{"href":"https:\/\/www.villapastisbarjac.com\/fr\/wp-json\/wp\/v2\/pages\/711"}],"collection":[{"href":"https:\/\/www.villapastisbarjac.com\/fr\/wp-json\/wp\/v2\/pages"}],"about":[{"href":"https:\/\/www.villapastisbarjac.com\/fr\/wp-json\/wp\/v2\/types\/page"}],"author":[{"embeddable":true,"href":"https:\/\/www.villapastisbarjac.com\/fr\/wp-json\/wp\/v2\/users\/1"}],"replies":[{"embeddable":true,"href":"https:\/\/www.villapastisbarjac.com\/fr\/wp-json\/wp\/v2\/comments?post=711"}],"version-history":[{"count":6,"href":"https:\/\/www.villapastisbarjac.com\/fr\/wp-json\/wp\/v2\/pages\/711\/revisions"}],"predecessor-version":[{"id":979,"href":"https:\/\/www.villapastisbarjac.com\/fr\/wp-json\/wp\/v2\/pages\/711\/revisions\/979"}],"up":[{"embeddable":true,"href":"https:\/\/www.villapastisbarjac.com\/fr\/wp-json\/wp\/v2\/pages\/104"}],"wp:attachment":[{"href":"https:\/\/www.villapastisbarjac.com\/fr\/wp-json\/wp\/v2\/media?parent=711"}],"curies":[{"name":"wp","href":"https:\/\/api.w.org\/{rel}","templated":true}]}}