{"id":433,"date":"2017-11-29T15:51:34","date_gmt":"2017-11-29T15:51:34","guid":{"rendered":"http:\/\/www.villapastisbarjac.com\/?page_id=433"},"modified":"2022-01-30T18:09:48","modified_gmt":"2022-01-30T18:09:48","slug":"terms","status":"publish","type":"page","link":"https:\/\/www.villapastisbarjac.com\/fr\/terms\/","title":{"rendered":"Terms and Conditions"},"content":{"rendered":"<p><u>DISPONIBILIT\u00c9 ET PRIX<\/u><\/p>\n<p>CONDITIONS G\u00c9N\u00c9RALES<\/p>\n<p>CONDITIONS G\u00c9N\u00c9RALES<\/p>\n<p>&nbsp;<\/p>\n<p><strong>Contrat<\/strong><\/p>\n<p>Lorsque nous fournissons un devis pour un s\u00e9jour dans un g\u00eete de Villa Pastis ou que nous vous informons qu&rsquo;une p\u00e9riode sp\u00e9cifique est disponible pour votre s\u00e9jour \u00e0 Villa Pastis, cela ne constitue pas un contrat entre nous. Un contrat ne na\u00eet que lorsque votre r\u00e9servation a \u00e9t\u00e9 confirm\u00e9e ult\u00e9rieurement par \u00e9crit via une lettre de confirmation qui vous est envoy\u00e9e par e-mail une fois le paiement re\u00e7u. \u00a0Les r\u00e9servations restent provisoires pendant une dur\u00e9e maximale de 24 heures pour permettre au paiement d\u2019\u00eatre effectu\u00e9.<\/p>\n<p><strong>Prix<\/strong><\/p>\n<p>Le prix de l&rsquo;h\u00e9bergement comprend les \u00e9l\u00e9ments suivants\u00a0: Wi-Fi, TV, \u00e9lectricit\u00e9, linge de maison, serviettes de bain, mat\u00e9riel de nettoyage, eau chaude, climatisation \/ chauffage et tout produit ou \u00e9l\u00e9ments fournis \u00e0 titre gratuit au moment de l\u2019arriv\u00e9e uniquement. \u00a0Il n&rsquo;y a pas de frais suppl\u00e9mentaires cach\u00e9s.<\/p>\n<p><strong>R\u00e9servations et paiements<\/strong><\/p>\n<p>Lors de la r\u00e9servation, plusieurs options de paiement vous seront propos\u00e9es pour r\u00e9server les dates que vous avez choisies.\u00a0 Un acompte non remboursable de 30\u00a0% du co\u00fbt total du s\u00e9jour vous est demand\u00e9 pour garantir votre r\u00e9servation.\u00a0 Le paiement du solde du co\u00fbt du s\u00e9jour est d\u00fb 28 jours avant la date pr\u00e9vue du d\u00e9but du s\u00e9jour.\u00a0 Pour les r\u00e9servations effectu\u00e9es dans les 28 jours du d\u00e9but du s\u00e9jour, le paiement int\u00e9gral est d\u00fb \u00e0 la r\u00e9servation.\u00a0Un e-mail de rappel de solde vous sera envoy\u00e9 6 semaines avant le d\u00e9but du s\u00e9jour.<\/p>\n<p>Le paiement doit \u00eatre r\u00e9alis\u00e9 par virement bancaire ou par ch\u00e8que. Si votre r\u00e9servation a bien \u00e9t\u00e9 effectu\u00e9e et que vous avez pay\u00e9 l\u2019acompte par virement bancaire, veuillez nous en informer par e-mail afin que nous puissions confirmer votre r\u00e9servation imm\u00e9diatement.\u00a0 Merci.<\/p>\n<p><strong>\u00a0<\/strong><\/p>\n<p><strong>Annulations et assurances<\/strong><\/p>\n<p>Une fois que vous avez r\u00e9serv\u00e9 votre s\u00e9jour et que cela a \u00e9t\u00e9 confirm\u00e9 par \u00e9crit par e-mail, vous \u00eates li\u00e9s par un contrat ayant valeur l\u00e9gale et votre acompte n\u2019est pas remboursable.<\/p>\n<p>Si, pour une raison quelconque, vous ne pouvez pas effectuer votre s\u00e9jour et que l\u2019h\u00e9bergement ne peut pas \u00eatre relou\u00e9, vous devrez payer la totalit\u00e9 de la r\u00e9servation, m\u00eame si nous n\u2019avons pas encore re\u00e7u votre solde. Si nous r\u00e9ussissons \u00e0 relouer l\u2019h\u00e9bergement, vous n&rsquo;\u00eates plus responsable du paiement du solde et il vous sera rembours\u00e9 si vous l&rsquo;avez d\u00e9j\u00e0 pay\u00e9.<\/p>\n<p>Veuillez noter que votre acompte n&rsquo;est en aucun cas remboursable. C\u2019est pourquoi nous vous recommandons vivement de souscrire une assurance annulation, qui est peu co\u00fbteuse et peut \u00eatre obtenue aupr\u00e8s de tout bon assureur.<\/p>\n<p><strong>Arriv\u00e9e<\/strong><\/p>\n<p>Votre h\u00e9bergement sera disponible \u00e0 partir de 16\u00a0h le jour de votre arriv\u00e9e, sauf disposition contraire. Veuillez ne pas arriver plus t\u00f4t, dans la mesure du possible, car votre h\u00e9bergement sera encore en cours de pr\u00e9paration.\u00a0 Nous vous inviterons \u00e0 envoyer un SMS avant votre arriv\u00e9e pour que nous puissions vous accueillir personnellement \u00e0 votre arriv\u00e9e.<\/p>\n<p><strong>D\u00e9part<\/strong><\/p>\n<p>Veuillez vous disposer \u00e0 quitter votre h\u00e9bergement avant 10\u00a0h le jour du d\u00e9part, sauf disposition contraire. Veuillez laisser le logement aussi propre que possible, en pensant aux vacanciers qui arriveront le jour m\u00eame dans ces lieux.\u00a0 N\u2019h\u00e9sitez pas \u00e0 venir nous dire au revoir\u00a0!<\/p>\n<p><strong>Non-disponibilit\u00e9 d\u2019un h\u00e9bergement<\/strong><\/p>\n<p>Nous n&rsquo;annulerions votre s\u00e9jour que si votre h\u00e9bergement \u00e9tait indisponible pour des raisons ind\u00e9pendantes de notre volont\u00e9. Si cela devait \u00eatre le cas, nous essaierions de vous proposer un autre h\u00e9bergement. Cependant, si cela n\u2019est pas possible ou si vous vous y opposez, nous vous rembourserons toutes les sommes que vous avez vers\u00e9es pour le s\u00e9jour. Notre responsabilit\u00e9 ne s&rsquo;\u00e9tendrait pas au-del\u00e0 de ce remboursement.<\/p>\n<p><strong>Dommages et bris<\/strong><\/p>\n<p>Vous avez la responsabilit\u00e9 de maintenir les propri\u00e9t\u00e9s et tous les meubles, agencements, installations et objets pr\u00e9sents dans et autour des locaux dans le m\u00eame \u00e9tat que vous les avez trouv\u00e9s au d\u00e9but du s\u00e9jour. Vous vous engagez \u00e9galement \u00e0 laisser les lieux dans le m\u00eame \u00e9tat de propret\u00e9 et de rangement dans lequel vous les avez trouv\u00e9s. Le propri\u00e9taire du logement de vacances doit \u00eatre indemnis\u00e9 pour les dommages et bris \u00e9ventuels (sauf usure normale). Le cas \u00e9ch\u00e9ant, veuillez signaler les bris et dommages d\u00e8s qu&rsquo;ils se produisent. Normalement, nous ne facturons pas les bris mineurs, mais nous sommes susceptibles de vous envoyer une facture pour r\u00e9paration si les dommages ou les bris sont cons\u00e9quents.<\/p>\n<p>&nbsp;<\/p>\n<p><strong>Nombre maximum de personnes par propri\u00e9t\u00e9<\/strong><\/p>\n<p>Le nombre de personnes occupant le logement de vacances (\u00e0 l&rsquo;exception des b\u00e9b\u00e9s dans des lits b\u00e9b\u00e9s, le cas \u00e9ch\u00e9ant) ne doit pas d\u00e9passer le nombre maximum indiqu\u00e9 sur le site internet, sauf concertation pr\u00e9alable. Le propri\u00e9taire ou son agent est en droit de refuser l&rsquo;admission \u00e0 toute personne ou animal non d\u00e9clar\u00e9 au moment de la r\u00e9servation.\u00a0 Des dispositions pour accueillir un enfant en plus du maximum indiqu\u00e9 peuvent \u00eatre prises avec le propri\u00e9taire au moment de la r\u00e9servation en raison de circonstances exceptionnelles.<\/p>\n<p><strong>Animaux domestiques<\/strong><\/p>\n<p>Les propri\u00e9taires responsables peuvent apporter leurs animaux domestiques si ces derniers sont bien \u00e9lev\u00e9s. Le propri\u00e9taire de l&rsquo;animal ne doit laisser aucune trace de celui-ci \u00e0 la propri\u00e9t\u00e9 apr\u00e8s son d\u00e9part. Sinon, des frais de nettoyage devront \u00eatre pay\u00e9s par le propri\u00e9taire de l&rsquo;animal.<\/p>\n<p><strong>Acc\u00e8s au logement de vacances<\/strong><\/p>\n<p>Le propri\u00e9taire du logement ou son repr\u00e9sentant est autoris\u00e9 \u00e0 acc\u00e9der \u00e0 toute heure raisonnable au cours du s\u00e9jour en cas d&rsquo;urgence ou de probl\u00e8me n\u00e9cessitant une attention imm\u00e9diate de la part du propri\u00e9taire.\u00a0 Le propri\u00e9taire fera tout son possible pour contacter le vacancier avant d&rsquo;entrer dans la propri\u00e9t\u00e9.<\/p>\n<p><strong>Fumeurs<\/strong><\/p>\n<p>Il est interdit de fumer dans les logements de vacances et au bord de la piscine. Des cendriers peuvent \u00eatre fournis sur demande pour fumer \u00e0 l&rsquo;ext\u00e9rieur sur la terrasse.<\/p>\n<p><strong>Responsabilit\u00e9<\/strong><\/p>\n<p>Nous d\u00e9clinons toute responsabilit\u00e9 pour tout dommage, perte ou blessure d&rsquo;un membre de votre groupe, d&rsquo;un v\u00e9hicule ou d&rsquo;un bien, sauf si la preuve est \u00e9tablie que le dommage, la perte ou la blessure est le r\u00e9sultat d&rsquo;un acte de n\u00e9gligence de notre part ou de la part de nos employ\u00e9s ou de sous-traitants en cours d&#8217;emploi.<\/p>\n<p>&nbsp;<\/p>\n<p>&nbsp;<\/p>","protected":false},"excerpt":{"rendered":"<p>DISPONIBILIT\u00c9 ET PRIX CONDITIONS G\u00c9N\u00c9RALES CONDITIONS G\u00c9N\u00c9RALES &nbsp; Contrat Lorsque nous fournissons un devis pour un s\u00e9jour dans un g\u00eete de Villa Pastis ou que nous vous informons qu&rsquo;une p\u00e9riode sp\u00e9cifique est disponible pour votre s\u00e9jour \u00e0 Villa Pastis, cela ne constitue pas un contrat entre nous. Un contrat ne na\u00eet que lorsque votre r\u00e9servation [&hellip;]<\/p>\n","protected":false},"author":1,"featured_media":0,"parent":0,"menu_order":0,"comment_status":"closed","ping_status":"closed","template":"","meta":{"_acf_changed":false,"footnotes":""},"acf":[],"_links":{"self":[{"href":"https:\/\/www.villapastisbarjac.com\/fr\/wp-json\/wp\/v2\/pages\/433"}],"collection":[{"href":"https:\/\/www.villapastisbarjac.com\/fr\/wp-json\/wp\/v2\/pages"}],"about":[{"href":"https:\/\/www.villapastisbarjac.com\/fr\/wp-json\/wp\/v2\/types\/page"}],"author":[{"embeddable":true,"href":"https:\/\/www.villapastisbarjac.com\/fr\/wp-json\/wp\/v2\/users\/1"}],"replies":[{"embeddable":true,"href":"https:\/\/www.villapastisbarjac.com\/fr\/wp-json\/wp\/v2\/comments?post=433"}],"version-history":[{"count":13,"href":"https:\/\/www.villapastisbarjac.com\/fr\/wp-json\/wp\/v2\/pages\/433\/revisions"}],"predecessor-version":[{"id":1021,"href":"https:\/\/www.villapastisbarjac.com\/fr\/wp-json\/wp\/v2\/pages\/433\/revisions\/1021"}],"wp:attachment":[{"href":"https:\/\/www.villapastisbarjac.com\/fr\/wp-json\/wp\/v2\/media?parent=433"}],"curies":[{"name":"wp","href":"https:\/\/api.w.org\/{rel}","templated":true}]}}