{"id":317,"date":"2017-11-26T18:07:19","date_gmt":"2017-11-26T18:07:19","guid":{"rendered":"http:\/\/www.villapastisbarjac.com\/?page_id=317"},"modified":"2018-10-21T12:54:35","modified_gmt":"2018-10-21T11:54:35","slug":"barjac-area-activities","status":"publish","type":"page","link":"https:\/\/www.villapastisbarjac.com\/fr\/location\/barjac-area-activities\/","title":{"rendered":"Activit\u00e9s aux Alentours de Barjac"},"content":{"rendered":"<div class=\"wpb-content-wrapper\"><p>[vc_row][vc_column width=\u00a0\u00bb8\/12&Prime;][vc_column_text]<\/p>\n<h5>Barjac est un excellent point de d\u00e9part pour de tr\u00e8s nombreuses activit\u00e9s touristiques et de nombreux anciens villages et sites naturels peuvent \u00eatre explor\u00e9s aux alentours. Vous trouverez \u00e0 proximit\u00e9 trois villages class\u00e9s parmi les \u00ab\u00a0plus beaux villages de France\u00a0\u00bb. Il s&rsquo;agit\u00a0<a href=\"http:\/\/www.francethisway.com\/places\/aigueze.php\">d&rsquo;Aigu\u00e8ze<\/a>,\u00a0<a href=\"http:\/\/www.francethisway.com\/places\/montclus.php\">Montclus<\/a> et La Roque-sur-C\u00e8ze.<\/h5>\n<p>[\/vc_column_text][\/vc_column][vc_column width=\u00a0\u00bb1\/2&Prime;][vc_column_text]Parmi les sites naturels d&rsquo;int\u00e9r\u00eat on trouve plusieurs grottes spectaculaires illumin\u00e9es et ouvertes au public ainsi que d&rsquo;autres sites tels que les Gorges de l&rsquo;Ard\u00e8che, le Pont d&rsquo;Arc et les Cascades du Sautadet. Le paysage de cette r\u00e9gion est extr\u00eamement vari\u00e9 et tout simplement magnifique\u00a0! Vous y trouverez de superbes villages perch\u00e9s tels que Labeaume, Banne, Balazuc et Lagorce[\/vc_column_text][\/vc_column][vc_column width=\u00a0\u00bb1\/2&Prime;][vc_column_text]Nous recommandons les attractions suivantes\u00a0:<br \/>\nPont d&rsquo;Arc \u2013\u00a0<a href=\"http:\/\/pontdarc-ardeche.fr\/\">http:\/\/pontdarc-ardeche.fr\/<\/a><br \/>\nGrand Site de l\u2019Aven d\u2019Orgnac \u2013\u00a0<a href=\"https:\/\/www.orgnac.com\/en\/\">https:\/\/www.orgnac.com\/en\/<\/a><br \/>\nAigu\u00e8ze \u2013\u00a0<a href=\"http:\/\/www.les-plus-beaux-villages-de-france.org\/en\/aigueze\">http:\/\/www.les-plus-beaux-villages-de-france.org\/en\/aigueze<\/a>[\/vc_column_text][\/vc_column][\/vc_row][vc_row full_width=\u00a0\u00bbstretch_row_content_no_spaces\u00a0\u00bb parallax=\u00a0\u00bbcontent-moving\u00a0\u00bb parallax_image=\u00a0\u00bb704&Prime; parallax_speed_bg=\u00a0\u00bb1.3&Prime;][vc_column][vc_empty_space height=\u00a0\u00bb650px\u00a0\u00bb el_class=\u00a0\u00bbhidden-xs hidden-sm hidden-md\u00a0\u00bb][vc_empty_space height=\u00a0\u00bb370px\u00a0\u00bb el_class=\u00a0\u00bbhidden-lg\u00a0\u00bb][\/vc_column][\/vc_row]<\/p>\n<\/div>","protected":false},"excerpt":{"rendered":"<p>[vc_row][vc_column width=\u00a0\u00bb8\/12&Prime;][vc_column_text] Barjac est un excellent point de d\u00e9part pour de tr\u00e8s nombreuses activit\u00e9s touristiques et de nombreux anciens villages et sites naturels peuvent \u00eatre explor\u00e9s aux alentours. Vous trouverez \u00e0 proximit\u00e9 trois villages class\u00e9s parmi les \u00ab\u00a0plus beaux villages de France\u00a0\u00bb. Il s&rsquo;agit\u00a0d&rsquo;Aigu\u00e8ze,\u00a0Montclus et La Roque-sur-C\u00e8ze. [\/vc_column_text][\/vc_column][vc_column width=\u00a0\u00bb1\/2&Prime;][vc_column_text]Parmi les sites naturels d&rsquo;int\u00e9r\u00eat on trouve [&hellip;]<\/p>\n","protected":false},"author":1,"featured_media":0,"parent":104,"menu_order":0,"comment_status":"closed","ping_status":"closed","template":"","meta":{"_acf_changed":false,"footnotes":""},"acf":[],"_links":{"self":[{"href":"https:\/\/www.villapastisbarjac.com\/fr\/wp-json\/wp\/v2\/pages\/317"}],"collection":[{"href":"https:\/\/www.villapastisbarjac.com\/fr\/wp-json\/wp\/v2\/pages"}],"about":[{"href":"https:\/\/www.villapastisbarjac.com\/fr\/wp-json\/wp\/v2\/types\/page"}],"author":[{"embeddable":true,"href":"https:\/\/www.villapastisbarjac.com\/fr\/wp-json\/wp\/v2\/users\/1"}],"replies":[{"embeddable":true,"href":"https:\/\/www.villapastisbarjac.com\/fr\/wp-json\/wp\/v2\/comments?post=317"}],"version-history":[{"count":13,"href":"https:\/\/www.villapastisbarjac.com\/fr\/wp-json\/wp\/v2\/pages\/317\/revisions"}],"predecessor-version":[{"id":871,"href":"https:\/\/www.villapastisbarjac.com\/fr\/wp-json\/wp\/v2\/pages\/317\/revisions\/871"}],"up":[{"embeddable":true,"href":"https:\/\/www.villapastisbarjac.com\/fr\/wp-json\/wp\/v2\/pages\/104"}],"wp:attachment":[{"href":"https:\/\/www.villapastisbarjac.com\/fr\/wp-json\/wp\/v2\/media?parent=317"}],"curies":[{"name":"wp","href":"https:\/\/api.w.org\/{rel}","templated":true}]}}