{"id":315,"date":"2017-11-26T18:06:57","date_gmt":"2017-11-26T18:06:57","guid":{"rendered":"http:\/\/www.villapastisbarjac.com\/?page_id=315"},"modified":"2018-09-22T09:30:17","modified_gmt":"2018-09-22T08:30:17","slug":"wider-region-activities","status":"publish","type":"page","link":"https:\/\/www.villapastisbarjac.com\/fr\/location\/wider-region-activities\/","title":{"rendered":"Les environs de Barjac"},"content":{"rendered":"<div class=\"wpb-content-wrapper\"><p>[vc_row][vc_column offset=\u00a0\u00bbvc_col-lg-5 vc_col-md-offset-0 vc_col-md-12 vc_col-sm-offset-0 vc_col-xs-12&Prime;][vc_column_text]<\/p>\n<h4>Barjac est une base id\u00e9ale pour explorer l\u2019Ard\u00e8che au nord, le Rh\u00f4ne majestueux \u00e0 l&rsquo;est qui traverse la Provence, ou la M\u00e9diterran\u00e9e vers le sud.<\/h4>\n<p>Voici quelques sites d&rsquo;int\u00e9r\u00eat accompagn\u00e9s des temps de trajet estim\u00e9s selon Google Maps.[\/vc_column_text][\/vc_column][vc_column offset=\u00a0\u00bbvc_col-lg-offset-1 vc_col-lg-6 vc_col-md-offset-0 vc_col-md-12 vc_col-sm-offset-0 vc_col-xs-12&Prime;][vc_column_text]<\/p>\n<ul>\n<li>Uz\u00e8s \u2013 43 min<\/li>\n<li>Pont du Gard \u2013 57 min \u2013\u00a0\u00a0<a href=\"http:\/\/www.pontdugard.fr\/fr\">http:\/\/www.pontdugard.fr\/fr<\/a><\/li>\n<li>Avignon \u2013\u00a0\u00a01\u00a0h 7 min<\/li>\n<li>Gordes (Le Luberon) \u2013 1 heure 41 min<\/li>\n<li>N\u00eemes \u2013 1 h 10 min<\/li>\n<li>Plages de la M\u00e9diterran\u00e9e \u00e0 La Grande-Motte \u2013 1\u00a0h\u00a045 min<\/li>\n<\/ul>\n<p>[\/vc_column_text][\/vc_column][\/vc_row][vc_row][vc_column width=\u00a0\u00bb1\/2&Prime;]\r\n\t<div class=\"headline\">\t\t\t\t\t\t\t\t\r\n\t\t<h3>Uz\u00e8s<\/h3>\t\t\t\t\t\r\n\t<\/div>\r\n\t[vc_column_text]Avec ses march\u00e9s riches en couleurs, ses caf\u00e9s, ses b\u00e2timents historiques et ses petites ruelles, cette ville est un must. Il est possible de combiner une visite \u00e0 Uz\u00e8s avec une visite au Pont du Gard \u00e0 proximit\u00e9.[\/vc_column_text][\/vc_column][vc_column width=\u00a0\u00bb1\/2&Prime;][vc_single_image image=\u00a0\u00bb706&Prime; img_size=\u00a0\u00bbfull\u00a0\u00bb alignment=\u00a0\u00bbcenter\u00a0\u00bb][\/vc_column][\/vc_row][vc_row full_width=\u00a0\u00bbstretch_row\u00a0\u00bb el_id=\u00a0\u00bbsection-2&Prime;][vc_column width=\u00a0\u00bb1\/2&Prime;][vc_single_image image=\u00a0\u00bb708&Prime; img_size=\u00a0\u00bbfull\u00a0\u00bb alignment=\u00a0\u00bbcenter\u00a0\u00bb][\/vc_column][vc_column width=\u00a0\u00bb1\/2&Prime;]\r\n\t<div class=\"headline\">\t\t\t\t\t\t\t\t\r\n\t\t<h3>Avignon<\/h3>\t\t\t\t\t\r\n\t<\/div>\r\n\t[vc_column_text]Le spectaculaire Palais des Papes et bien s\u00fbr son fameux pont o\u00f9 on danse tous en rond. Avignon est une ville qui d\u00e9borde d&rsquo;histoire, de beaut\u00e9 et de musique.[\/vc_column_text][\/vc_column][\/vc_row][vc_row][vc_column width=\u00a0\u00bb1\/2&Prime;]\r\n\t<div class=\"headline\">\t\t\t\t\t\t\t\t\r\n\t\t<h3>Pont du Gard<\/h3>\t\t\t\t\t\r\n\t<\/div>\r\n\t[vc_column_text]Une merveille ancestrale construite par les Romains. Les am\u00e9nagement autour du site permettent de se baigner facilement dans la rivi\u00e8re qui coule sous le pont. Pensez \u00e0 prendre vos maillots de bain et vos serviettes.[\/vc_column_text][\/vc_column][vc_column width=\u00a0\u00bb1\/2&Prime;][vc_single_image image=\u00a0\u00bb707&Prime; img_size=\u00a0\u00bbfull\u00a0\u00bb alignment=\u00a0\u00bbcenter\u00a0\u00bb][\/vc_column][\/vc_row][vc_row][vc_column][vc_empty_space height=\u00a0\u00bb55px\u00a0\u00bb][\/vc_column][\/vc_row]<\/p>\n<\/div>","protected":false},"excerpt":{"rendered":"<p>[vc_row][vc_column offset=\u00a0\u00bbvc_col-lg-5 vc_col-md-offset-0 vc_col-md-12 vc_col-sm-offset-0 vc_col-xs-12&Prime;][vc_column_text] Barjac est une base id\u00e9ale pour explorer l\u2019Ard\u00e8che au nord, le Rh\u00f4ne majestueux \u00e0 l&rsquo;est qui traverse la Provence, ou la M\u00e9diterran\u00e9e vers le sud. Voici quelques sites d&rsquo;int\u00e9r\u00eat accompagn\u00e9s des temps de trajet estim\u00e9s selon Google Maps.[\/vc_column_text][\/vc_column][vc_column offset=\u00a0\u00bbvc_col-lg-offset-1 vc_col-lg-6 vc_col-md-offset-0 vc_col-md-12 vc_col-sm-offset-0 vc_col-xs-12&Prime;][vc_column_text] Uz\u00e8s \u2013 43 min Pont [&hellip;]<\/p>\n","protected":false},"author":1,"featured_media":0,"parent":104,"menu_order":0,"comment_status":"closed","ping_status":"closed","template":"","meta":{"_acf_changed":false,"footnotes":""},"acf":[],"_links":{"self":[{"href":"https:\/\/www.villapastisbarjac.com\/fr\/wp-json\/wp\/v2\/pages\/315"}],"collection":[{"href":"https:\/\/www.villapastisbarjac.com\/fr\/wp-json\/wp\/v2\/pages"}],"about":[{"href":"https:\/\/www.villapastisbarjac.com\/fr\/wp-json\/wp\/v2\/types\/page"}],"author":[{"embeddable":true,"href":"https:\/\/www.villapastisbarjac.com\/fr\/wp-json\/wp\/v2\/users\/1"}],"replies":[{"embeddable":true,"href":"https:\/\/www.villapastisbarjac.com\/fr\/wp-json\/wp\/v2\/comments?post=315"}],"version-history":[{"count":30,"href":"https:\/\/www.villapastisbarjac.com\/fr\/wp-json\/wp\/v2\/pages\/315\/revisions"}],"predecessor-version":[{"id":821,"href":"https:\/\/www.villapastisbarjac.com\/fr\/wp-json\/wp\/v2\/pages\/315\/revisions\/821"}],"up":[{"embeddable":true,"href":"https:\/\/www.villapastisbarjac.com\/fr\/wp-json\/wp\/v2\/pages\/104"}],"wp:attachment":[{"href":"https:\/\/www.villapastisbarjac.com\/fr\/wp-json\/wp\/v2\/media?parent=315"}],"curies":[{"name":"wp","href":"https:\/\/api.w.org\/{rel}","templated":true}]}}