{"id":2,"date":"2016-12-15T17:15:03","date_gmt":"2016-12-15T17:15:03","guid":{"rendered":"http:\/\/www.villapastisbarjac.com\/?page_id=2"},"modified":"2023-01-01T14:05:37","modified_gmt":"2023-01-01T14:05:37","slug":"home","status":"publish","type":"page","link":"https:\/\/www.villapastisbarjac.com\/fr\/","title":{"rendered":"Accueil"},"content":{"rendered":"<div class=\"wpb-content-wrapper\"><p>[vc_row][vc_column offset=\u00a0\u00bbvc_col-lg-offset-2 vc_col-lg-8 vc_col-md-offset-1 vc_col-md-10 vc_col-xs-12&Prime;][vc_column_text]<\/p>\n<h4 style=\"text-align: center;\">Bienvenue<br \/>\nLes deux g\u00eetes de la Villa Pastis sont l\u00e0 pour votre plaisir toute l&rsquo;ann\u00e9e. Tous deux sont des lieux de grand confort, avec leur propre terrasse priv\u00e9e.<\/h4>\n<p style=\"text-align: center;\">La piscine est situ\u00e9e entre nos 2 g\u00eetes. Elle b\u00e9n\u00e9ficie d&rsquo;un ensoleillement permanent et d&rsquo;une vue panoramique sur le Mont Loz\u00e8re et les C\u00e9vennes. Vous trouverez de nombreux transats et si\u00e8ges autour de la piscine et du jardin. Il y a des parasols et des coins tranquilles pour ceux qui pr\u00e9f\u00e8rent l&rsquo;ombre. C&rsquo;est un environnement dans lequel vous pouvez rechercher la paix et la relaxation. Vous pouvez \u00e9galement faire de la randonn\u00e9e et du v\u00e9lo entre les vignobles et les champs de lavande depuis le g\u00eete.<\/p>\n<p>[\/vc_column_text][\/vc_column][\/vc_row][vc_row full_width=\u00a0\u00bbstretch_row_content_no_spaces\u00a0\u00bb css=\u00a0\u00bb.vc_custom_1488279621781{padding-top: 0px !important;padding-bottom: 0px !important;}\u00a0\u00bb][vc_column]\r\n\t\t<div class=\"gallery-slider-container\">    \r\n\t\t\t<div class=\"owl-carousel gallery-slider\">\r\n\t\t\t\t\t<div class=\"item\">\t\t\t\t\t\t\r\n\t\t\t\t\t\t<div class=\"row\">\r\n\t\t\t\t\t\t\t<div class=\"col-lg-7\">\t\t\t\t\t\t\t\t\r\n\t\t\t\t\t\t\t\t<p><img decoding=\"async\" src=\"https:\/\/www.villapastisbarjac.com\/wp-content\/uploads\/2017\/02\/Vallon-Pont-dArc-spectacular-scenery.jpg\" alt=\"Un environnement et des paysages spectaculaires.\"><\/p>\t\t\t\t\t\t\t\t\r\n\t\t\t\t\t\t\t<\/div><!-- col -->\r\n\t\t\t\t\t\t\t<div class=\"col-lg-5\">\t\t\t\t\t\t\t\t\r\n\t\t\t\t\t\t\t\t<div class=\"gallery-description\">\t\t\t\t\t\t\t\t\r\n\t\t\t\t\t\t\t\t\t<h2>Un environnement et des<br class=\"visible-lg-block\"> <span class=\"text-default-color\">paysages spectaculaires.<\/span><\/h2>\t\t\t\t\t\t\t\t\t\r\n\t\t\t\t\t\t\t\t\t<p>Barjac offre une vue imprenable sur les C\u00e9vennes. Son emplacement central en fait le point de d\u00e9part id\u00e9al pour des randonn\u00e9es dans le bois de Ronze, qui contient des vestiges n\u00e9olithiques hors du commun. Le paysage de type toscan, entretenu par les agriculteurs locaux se trouve tout pr\u00e8s de la garrigue sauvage, \u00e0 peine accessibles aux chasseurs, aux randonneurs et aux explorateurs de grottes.<\/p>\r\n\t\t\t\t\t\t\t\t\t<a class=\"btn btn-default\" href=\"\/fr\/location\/\">Learn More<\/a>\r\n\t\t\t\t\t\t\t\t<\/div>\t\t\t\t\t\t\t\t\r\n\t\t\t\t\t\t\t<\/div><!-- col -->\r\n\t\t\t\t\t\t<\/div><!-- row -->\t\t\t\t\t\t\r\n\t\t\t\t\t<\/div><!-- item -->\r\n\t\t\t\t\t<div class=\"item\">\t\t\t\t\t\t\r\n\t\t\t\t\t\t<div class=\"row\">\r\n\t\t\t\t\t\t\t<div class=\"col-lg-7\">\t\t\t\t\t\t\t\t\r\n\t\t\t\t\t\t\t\t<p><img decoding=\"async\" src=\"https:\/\/www.villapastisbarjac.com\/wp-content\/uploads\/2017\/02\/peace-tranquility.jpg\" alt=\"Paix et tranquillit\u00e9.\"><\/p>\t\t\t\t\t\t\t\t\r\n\t\t\t\t\t\t\t<\/div><!-- col -->\r\n\t\t\t\t\t\t\t<div class=\"col-lg-5\">\t\t\t\t\t\t\t\t\r\n\t\t\t\t\t\t\t\t<div class=\"gallery-description\">\t\t\t\t\t\t\t\t\r\n\t\t\t\t\t\t\t\t\t<h2>Paix et<br class=\"visible-lg-block\"> <span class=\"text-default-color\">tranquillit\u00e9.<\/span><\/h2>\t\t\t\t\t\t\t\t\t\r\n\t\t\t\t\t\t\t\t\t<p>La vaste \u00e9tendue de la nature environnante vous permettra toujours de trouver de l'espace pour vous retrouver seul(e). Vous pouvez trouver cette solitude dans les sentiers avoisinants qui passent par les champs de lavande et les vignobles ou dans un joli coin d'un village paisible.<\/p>\r\n\t\t\t\t\t\t\t\t\t<a class=\"btn btn-default\" href=\"\/fr\/the-gites\/\">Read more<\/a>\r\n\t\t\t\t\t\t\t\t<\/div>\t\t\t\t\t\t\t\t\r\n\t\t\t\t\t\t\t<\/div><!-- col -->\r\n\t\t\t\t\t\t<\/div><!-- row -->\t\t\t\t\t\t\r\n\t\t\t\t\t<\/div><!-- item -->\r\n\t\t\t\t\t<div class=\"item\">\t\t\t\t\t\t\r\n\t\t\t\t\t\t<div class=\"row\">\r\n\t\t\t\t\t\t\t<div class=\"col-lg-7\">\t\t\t\t\t\t\t\t\r\n\t\t\t\t\t\t\t\t<p><img decoding=\"async\" src=\"https:\/\/www.villapastisbarjac.com\/wp-content\/uploads\/2017\/02\/barjac.jpg\" alt=\"Villages pittoresques.\"><\/p>\t\t\t\t\t\t\t\t\r\n\t\t\t\t\t\t\t<\/div><!-- col -->\r\n\t\t\t\t\t\t\t<div class=\"col-lg-5\">\t\t\t\t\t\t\t\t\r\n\t\t\t\t\t\t\t\t<div class=\"gallery-description\">\t\t\t\t\t\t\t\t\r\n\t\t\t\t\t\t\t\t\t<h2>Villages<br class=\"visible-lg-block\"> <span class=\"text-default-color\">pittoresques.<\/span><\/h2>\t\t\t\t\t\t\t\t\t\r\n\t\t\t\t\t\t\t\t\t<p>Non loin de l\u00e0, vous pouvez visiter trois des plus beaux villages de France\u00a0: Aigu\u00e8ze, Montclus et\u00a0<a href=\"http:\/\/www.avignon-et-provence.com\/en\/tourism-provence\/roque-sur-ceze\">La Roque sur C\u00e8ze<\/a>\u00a0avec les Cascades du Sautadet. D'un c\u00f4t\u00e9 vous trouverez aussi\u00a0<a href=\"http:\/\/www.avignon-et-provence.com\/en\/tourism-provence\/goudargues\">Goudargues<\/a>, la Petite Venise du Gard et de l'autre, les gorges de l'Ard\u00e8che avec\u00a0<a href=\"http:\/\/www.avignon-et-provence.com\/en\/tourism-provence\/vallon-pont-darc\">Vallon-Pont d'Arc<\/a>\u00a0et ses merveilles pr\u00e9historiques.<\/p>\r\n\t\t\t\t\t\t\t\t\t<a class=\"btn btn-default\" href=\"\/fr\/location\/wider-region-activities\/\">Read more<\/a>\r\n\t\t\t\t\t\t\t\t<\/div>\t\t\t\t\t\t\t\t\r\n\t\t\t\t\t\t\t<\/div><!-- col -->\r\n\t\t\t\t\t\t<\/div><!-- row -->\t\t\t\t\t\t\r\n\t\t\t\t\t<\/div><!-- item -->\r\n\t\t\t<\/div><!-- gallery-sliders -->        \r\n\t\t<\/div><!-- gallery-slider-container -->\r\n\t\t[\/vc_column][\/vc_row][vc_row css=\u00a0\u00bb.vc_custom_1488280536620{padding-top: 0px !important;}\u00a0\u00bb][vc_column width=\u00a0\u00bb2\/3&Prime;]\r\n\t<div class=\"headline\">\t\t\t\t\t\t\t\t\r\n\t\t<h3>Installations standard des g\u00eetes<\/h3>\t\t\t\t\t\r\n\t<\/div>\r\n\t[vc_row_inner][vc_column_inner width=\u00a0\u00bb1\/2&Prime;][vc_column_text]<\/p>\n<ul>\n<li>Lit double<\/li>\n<li>Canap\u00e9-lit double<\/li>\n<li>Lit simple (sur demande)<\/li>\n<li>Fer \u00e0 repasser<\/li>\n<li>S\u00e8che-cheveux<\/li>\n<li>Plaque vitroc\u00e9ramique<\/li>\n<li>Micro-ondes<\/li>\n<li>Barbecue<\/li>\n<\/ul>\n<p>[\/vc_column_text][\/vc_column_inner][vc_column_inner width=\u00a0\u00bb1\/2&Prime;][vc_column_text]<\/p>\n<ul>\n<li>Grille-pain \/ bouilloire<\/li>\n<li>Literie et serviettes<\/li>\n<li>R\u00e9frig\u00e9rateur avec cong\u00e9lateur<\/li>\n<li>Lave-vaisselle<\/li>\n<li>T\u00e9l\u00e9vision et HiFi<\/li>\n<li>Internet Wifi<\/li>\n<li>Acc\u00e8s illimit\u00e9 \u00e0 la piscine<\/li>\n<li>Terrasse priv\u00e9e<\/li>\n<\/ul>\n<p>[\/vc_column_text][\/vc_column_inner][\/vc_row_inner][\/vc_column][vc_column width=\u00a0\u00bb1\/3&Prime; el_class=\u00a0\u00bbmap-container\u00a0\u00bb]\r\n\t<div class=\"headline\">\t\t\t\t\t\t\t\t\r\n\t\t<h3>Trouvez nous<\/h3>\t\t\t\t\t\r\n\t<\/div>\r\n\t[vc_raw_html]JTNDZGl2JTIwY2xhc3MlM0QlMjJtYXAlMjIlMjBkYXRhLXpvb20lM0QlMjIxMyUyMiUyMGRhdGEtaGVpZ2h0JTNEJTIyMjc1JTIyJTIwZGF0YS1hZGRyZXNzJTNEJTIyODkyNiUyQkY4JTIwQmFyamFjJTJDJTIwRnJhbmNlJTIyJTIwZGF0YS1hZGRyZXNzLWRldGFpbHMlM0QlMjJWaWxsYSUyMFBhc3RpcyUyMiUzRSUzQyUyRmRpdiUzRQ==[\/vc_raw_html]\r\n\t<a class=\"btn btn-default\" href=\"\/contact\/\">Contactez-nous<\/a>\r\n\t[\/vc_column][\/vc_row][vc_row full_width=\u00a0\u00bbstretch_row\u00a0\u00bb css=\u00a0\u00bb.vc_custom_1528983766959{background-color: #f8f9fa !important;}\u00a0\u00bb][vc_column width=\u00a0\u00bb1\/3&Prime;]\r\n\t<a href=\"\/the-gites\/\" class=\"service-box\"> <img decoding=\"async\" src=\"https:\/\/www.villapastisbarjac.com\/wp-content\/uploads\/2022\/06\/Salon-cuisine-g\u00eete-vert-1.jpeg\">\r\n\t\t<div class=\"service-box-hover\">\r\n\t\t  <div class=\"moreTXT\">Lire la suite<\/div>\r\n\t\t<\/div>\r\n\t\t<div class=\"service-box-content\">\r\n\t\t  <h4>Les Gites<\/h4>\r\n\t\t  <h5>Logement<\/h5>\r\n\t\t  <h6>Lire la suite<\/h6>\r\n\t\t<\/div>\r\n\t<\/a>\r\n\t[\/vc_column][vc_column width=\u00a0\u00bb1\/3&Prime;]\r\n\t<a href=\"\/location\/barjac-area-activities\/\" class=\"service-box\"> <img decoding=\"async\" src=\"https:\/\/www.villapastisbarjac.com\/wp-content\/uploads\/2016\/12\/SERVICE-BOX2.jpg\">\r\n\t\t<div class=\"service-box-hover\">\r\n\t\t  <div class=\"moreTXT\">Lire la suite<\/div>\r\n\t\t<\/div>\r\n\t\t<div class=\"service-box-content\">\r\n\t\t  <h4>Barjac<\/h4>\r\n\t\t  <h5>La r\u00e9gion<\/h5>\r\n\t\t  <h6>Lire la suite<\/h6>\r\n\t\t<\/div>\r\n\t<\/a>\r\n\t[\/vc_column][vc_column width=\u00a0\u00bb1\/3&Prime;]\r\n\t<a href=\"\/location\/wider-region-activities\/\" class=\"service-box\"> <img decoding=\"async\" src=\"https:\/\/www.villapastisbarjac.com\/wp-content\/uploads\/2016\/12\/SERVICE-BOX3.jpg\">\r\n\t\t<div class=\"service-box-hover\">\r\n\t\t  <div class=\"moreTXT\">Lire la suite<\/div>\r\n\t\t<\/div>\r\n\t\t<div class=\"service-box-content\">\r\n\t\t  <h4>Activit\u00e9s<\/h4>\r\n\t\t  <h5>Choses \u00e0 faire<\/h5>\r\n\t\t  <h6>Lire la suite<\/h6>\r\n\t\t<\/div>\r\n\t<\/a>\r\n\t[\/vc_column][vc_column][vc_empty_space height=\u00a0\u00bb5px\u00a0\u00bb][\/vc_column][\/vc_row][vc_row full_width=\u00a0\u00bbstretch_row\u00a0\u00bb][vc_column][\/vc_column][\/vc_row]<\/p>\n<\/div>","protected":false},"excerpt":{"rendered":"<p>[vc_row][vc_column offset=\u00a0\u00bbvc_col-lg-offset-2 vc_col-lg-8 vc_col-md-offset-1 vc_col-md-10 vc_col-xs-12&Prime;][vc_column_text] Bienvenue Les deux g\u00eetes de la Villa Pastis sont l\u00e0 pour votre plaisir toute l&rsquo;ann\u00e9e. Tous deux sont des lieux de grand confort, avec leur propre terrasse priv\u00e9e. La piscine est situ\u00e9e entre nos 2 g\u00eetes. Elle b\u00e9n\u00e9ficie d&rsquo;un ensoleillement permanent et d&rsquo;une vue panoramique sur le Mont Loz\u00e8re [&hellip;]<\/p>\n","protected":false},"author":1,"featured_media":0,"parent":0,"menu_order":0,"comment_status":"closed","ping_status":"open","template":"_tpl\/_tpl_home.php","meta":{"_acf_changed":false,"footnotes":""},"acf":[],"_links":{"self":[{"href":"https:\/\/www.villapastisbarjac.com\/fr\/wp-json\/wp\/v2\/pages\/2"}],"collection":[{"href":"https:\/\/www.villapastisbarjac.com\/fr\/wp-json\/wp\/v2\/pages"}],"about":[{"href":"https:\/\/www.villapastisbarjac.com\/fr\/wp-json\/wp\/v2\/types\/page"}],"author":[{"embeddable":true,"href":"https:\/\/www.villapastisbarjac.com\/fr\/wp-json\/wp\/v2\/users\/1"}],"replies":[{"embeddable":true,"href":"https:\/\/www.villapastisbarjac.com\/fr\/wp-json\/wp\/v2\/comments?post=2"}],"version-history":[{"count":58,"href":"https:\/\/www.villapastisbarjac.com\/fr\/wp-json\/wp\/v2\/pages\/2\/revisions"}],"predecessor-version":[{"id":1077,"href":"https:\/\/www.villapastisbarjac.com\/fr\/wp-json\/wp\/v2\/pages\/2\/revisions\/1077"}],"wp:attachment":[{"href":"https:\/\/www.villapastisbarjac.com\/fr\/wp-json\/wp\/v2\/media?parent=2"}],"curies":[{"name":"wp","href":"https:\/\/api.w.org\/{rel}","templated":true}]}}