{"id":153,"date":"2017-01-16T17:01:18","date_gmt":"2017-01-16T17:01:18","guid":{"rendered":"http:\/\/www.villapastisbarjac.com\/?page_id=153"},"modified":"2021-12-28T18:11:18","modified_gmt":"2021-12-28T18:11:18","slug":"getting-here","status":"publish","type":"page","link":"https:\/\/www.villapastisbarjac.com\/fr\/location\/getting-here\/","title":{"rendered":"Venir ici"},"content":{"rendered":"<div class=\"wpb-content-wrapper\"><p>[vc_row][vc_column offset=\u00a0\u00bbvc_col-lg-6 vc_col-md-6 vc_col-xs-12&Prime;][vc_column_text]<\/p>\n<h4>De nombreuses compagnies a\u00e9riennes desservent quotidiennement la France depuis le Royaume-Uni, l&rsquo;Europe continentale et le reste du monde.<\/h4>\n<p>Consultez les sites web suivants :<\/p>\n<table border=\"0\">\n<tbody>\n<tr>\n<td>\n<ul>\n<li>Ryanair<\/li>\n<li>Easy jet<\/li>\n<li>Air France<\/li>\n<li>British Airways<\/li>\n<li>Lufthansa<\/li>\n<\/ul>\n<\/td>\n<td width=\"40px\"><\/td>\n<td>\n<ul class=\"no-decoration\">\n<li><a title=\"www.ryanair.com\" href=\"http:\/\/www.ryanair.com\/\" target=\"_top\">www.ryanair.com<\/a><\/li>\n<li><a title=\"www.easyjet.com\" href=\"http:\/\/www.easyjet.com\/\" target=\"_top\">www.easyjet.com<\/a><\/li>\n<li><a title=\"www.airfrance.ie\" href=\"http:\/\/www.airfrance.ie\/\" target=\"_top\">www.airfrance.ie<\/a><\/li>\n<li><a title=\"www.britishairways.com\" href=\"http:\/\/www.britishairways.com\/\" target=\"_top\">www.britishairways.com<\/a><\/li>\n<li><a title=\"www.lufthansa.com\" href=\"http:\/\/www.lufthansa.com\/\" target=\"_top\">www.lufthansa.com<\/a><\/li>\n<\/ul>\n<\/td>\n<\/tr>\n<\/tbody>\n<\/table>\n<p>[\/vc_column_text][\/vc_column][vc_column offset=\u00a0\u00bbvc_col-lg-offset-1 vc_col-lg-5 vc_col-md-offset-1 vc_col-md-5 vc_col-sm-offset-0 vc_col-xs-12&Prime;][vc_column_text]<\/p>\n<p style=\"font-weight: 400;\">Ce sont les temps \/ distances \u00e0 Barjac affich\u00e9es par Google maps<\/p>\n<ul>\n<li style=\"font-weight: 400;\">Ext 19 of the A7 (North \/ South) \u2013 42.3km \/ 48 mins<\/li>\n<li style=\"font-weight: 400;\">Exit 25 of the A9 (Spain\/South France) \u2013 76km \/ 1 hr 8mins<\/li>\n<li style=\"font-weight: 400;\">Marseille\u00a0a\u00e9roport\u00a01 hr 46 min<\/li>\n<li style=\"font-weight: 400;\">Avignon\u00a0a\u00e9roport 1 hr 16 min<\/li>\n<li style=\"font-weight: 400;\">N\u00eemes\u00a0a\u00e9roport 1 hr 15 min<\/li>\n<li style=\"font-weight: 400;\">B\u00e9ziers a\u00e9roport 2 hrs 10 min<\/li>\n<li style=\"font-weight: 400;\">Lyon a\u00e9roport 2 hrs 27 min<\/li>\n<li style=\"font-weight: 400;\">Avignon Gare TGV is 68km away \/ 1 hr 15 min<\/li>\n<li style=\"font-weight: 400;\">Bollene Gare TGV 37km \/ 45 min<\/li>\n<li style=\"font-weight: 400;\">N\u00eemes Gare TGV 66km \/ 1 hr 10 min<\/li>\n<\/ul>\n<p style=\"font-weight: 400;\">En \u00e9t\u00e9, un service r\u00e9gulier d&rsquo;autocars sans arr\u00eat est assur\u00e9 quatre fois par jour entre la gare TGV d&rsquo;Avignon et Barjac.<\/p>\n<p>[\/vc_column_text][\/vc_column][\/vc_row]<\/p>\n<\/div>","protected":false},"excerpt":{"rendered":"<p>[vc_row][vc_column offset=\u00a0\u00bbvc_col-lg-6 vc_col-md-6 vc_col-xs-12&Prime;][vc_column_text] De nombreuses compagnies a\u00e9riennes desservent quotidiennement la France depuis le Royaume-Uni, l&rsquo;Europe continentale et le reste du monde. Consultez les sites web suivants : Ryanair Easy jet Air France British Airways Lufthansa www.ryanair.com www.easyjet.com www.airfrance.ie www.britishairways.com www.lufthansa.com [\/vc_column_text][\/vc_column][vc_column offset=\u00a0\u00bbvc_col-lg-offset-1 vc_col-lg-5 vc_col-md-offset-1 vc_col-md-5 vc_col-sm-offset-0 vc_col-xs-12&Prime;][vc_column_text] Ce sont les temps \/ distances \u00e0 [&hellip;]<\/p>\n","protected":false},"author":1,"featured_media":0,"parent":104,"menu_order":0,"comment_status":"closed","ping_status":"closed","template":"","meta":{"_acf_changed":false,"footnotes":""},"acf":[],"_links":{"self":[{"href":"https:\/\/www.villapastisbarjac.com\/fr\/wp-json\/wp\/v2\/pages\/153"}],"collection":[{"href":"https:\/\/www.villapastisbarjac.com\/fr\/wp-json\/wp\/v2\/pages"}],"about":[{"href":"https:\/\/www.villapastisbarjac.com\/fr\/wp-json\/wp\/v2\/types\/page"}],"author":[{"embeddable":true,"href":"https:\/\/www.villapastisbarjac.com\/fr\/wp-json\/wp\/v2\/users\/1"}],"replies":[{"embeddable":true,"href":"https:\/\/www.villapastisbarjac.com\/fr\/wp-json\/wp\/v2\/comments?post=153"}],"version-history":[{"count":27,"href":"https:\/\/www.villapastisbarjac.com\/fr\/wp-json\/wp\/v2\/pages\/153\/revisions"}],"predecessor-version":[{"id":996,"href":"https:\/\/www.villapastisbarjac.com\/fr\/wp-json\/wp\/v2\/pages\/153\/revisions\/996"}],"up":[{"embeddable":true,"href":"https:\/\/www.villapastisbarjac.com\/fr\/wp-json\/wp\/v2\/pages\/104"}],"wp:attachment":[{"href":"https:\/\/www.villapastisbarjac.com\/fr\/wp-json\/wp\/v2\/media?parent=153"}],"curies":[{"name":"wp","href":"https:\/\/api.w.org\/{rel}","templated":true}]}}