{"id":107,"date":"2017-01-16T12:34:08","date_gmt":"2017-01-16T12:34:08","guid":{"rendered":"http:\/\/www.villapastisbarjac.com\/?page_id=107"},"modified":"2023-01-01T13:54:52","modified_gmt":"2023-01-01T13:54:52","slug":"the-gites","status":"publish","type":"page","link":"https:\/\/www.villapastisbarjac.com\/fr\/the-gites\/","title":{"rendered":"Les G\u00eetes"},"content":{"rendered":"<div class=\"wpb-content-wrapper\"><p>[vc_row][vc_column width=\u00a0\u00bb1\/2&Prime;][vc_column_text]<\/p>\n<h4>Les deux g\u00eetes de Villa Pastis vous accueillent tout au long de l&rsquo;ann\u00e9e. Ils offrent un grand confort et poss\u00e8dent tous deux une terrasse priv\u00e9e.<\/h4>\n<p>La piscine est situ\u00e9e entre nos 2 logements. Ils sont expos\u00e9s au soleil toute la journ\u00e9e et b\u00e9n\u00e9ficient d&rsquo;une vue panoramique sur le mont Loz\u00e8re et les C\u00e9vennes. Vous trouverez de nombreuses chaises longues et d&rsquo;endroits pour vous installer autour de la piscine et du jardin. Des parasols et des espaces prot\u00e9g\u00e9s du soleil sont \u00e0 la disposition de ceux qui pr\u00e9f\u00e8rent un peu d&rsquo;ombre. C&rsquo;est un environnement propice \u00e0 l&rsquo;apaisement et la d\u00e9tente. Vous pouvez \u00e9galement faire de la randonn\u00e9e et du v\u00e9lo entre les vignobles et les champs de lavande en partant des g\u00eetes.[\/vc_column_text][\/vc_column][vc_column width=\u00a0\u00bb1\/2&Prime;][vc_gallery interval=\u00a0\u00bb3&Prime; images=\u00a0\u00bb1063,1062,1048&Prime; img_size=\u00a0\u00bblarge\u00a0\u00bb][\/vc_column][\/vc_row][vc_row full_width=\u00a0\u00bbstretch_row\u00a0\u00bb parallax=\u00a0\u00bbcontent-moving\u00a0\u00bb parallax_image=\u00a0\u00bb503&Prime; parallax_speed_bg=\u00a0\u00bb1.35&Prime;][vc_column width=\u00a0\u00bb1\/3&Prime; offset=\u00a0\u00bbvc_col-lg-offset-4&Prime;]\r\n\t<div class=\"container_box text-box black\">\r\n       [vc_column_text]<\/p>\n<p style=\"text-align: center;\"><strong>LA PROMESSE DE LA VILLA PASTIS<\/strong><\/p>\n<p style=\"text-align: center;\">Nous ferons tout notre possible pour que votre s\u00e9jour \u00e0 Villa Pastis soit agr\u00e9able et que vous puissiez vous d\u00e9tendre avec un accueil chaleureux digne de Barjac<\/p>\n<p>[\/vc_column_text]\r\n    <\/div>\r\n\t[\/vc_column][\/vc_row][vc_row][vc_column]\r\n\t<div class=\"headline\">\t\t\t\t\t\t\t\t\r\n\t\t<h3>Le G\u00eete Rouge<\/h3>\t\t\t\t\t\r\n\t<\/div>\r\n\t[vc_row_inner][vc_column_inner width=\u00a0\u00bb1\/2&Prime;][vc_column_text]<strong>Le gite rouge est une villa individuelle de 75\u00a0m\u00b2 \u00e9quip\u00e9e pour 4 personnes.<\/strong><\/p>\n<p>De plain-pied et sans marches, elle est compos\u00e9e d&rsquo;un tr\u00e8s grand salon avec un canap\u00e9-lit de qualit\u00e9, un t\u00e9l\u00e9viseur et une connexion Wi-Fi, d&rsquo;une grande chambre avec un lit double et d&rsquo;une salle de bains avec douche \u00e0 l&rsquo;italienne. La cuisine am\u00e9ricaine est \u00e9quip\u00e9e d&rsquo;un r\u00e9frig\u00e9rateur, d&rsquo;une plaque de cuisson, d&rsquo;un four \u00e0 micro-ondes et d&rsquo;un lave-vaisselle. Toutes les chambres sont climatis\u00e9es.\u00a0Les grandes baies vitr\u00e9es du salon et de la chambre donnent sur la terrasse priv\u00e9e \u00e9quip\u00e9e d&rsquo;un barbecue et de mobilier de jardin. Un lit b\u00e9b\u00e9 pliant est \u00e0 votre disposition. Nous fournissons du linge de lit de qualit\u00e9 et des serviettes de luxe. D&rsquo;autres articles m\u00e9nagers, en particulier dans la cuisine, sont fournis pour rendre votre s\u00e9jour plus confortable.[\/vc_column_text]\r\n\t<a class=\"btn btn-default\" href=\"\/book-online\/#1532357474870-57e9efe4-0f83\">R\u00e9server le G\u00eete Rouge<\/a>\r\n\t[\/vc_column_inner][vc_column_inner width=\u00a0\u00bb1\/2&Prime;][vc_gallery interval=\u00a0\u00bb3&Prime; images=\u00a0\u00bb972,1044,1049,1051,1052,1055,1058,1025,1027&Prime; img_size=\u00a0\u00bblarge\u00a0\u00bb][\/vc_column_inner][\/vc_row_inner][\/vc_column][\/vc_row][vc_row full_width=\u00a0\u00bbstretch_row\u00a0\u00bb css=\u00a0\u00bb.vc_custom_1529416459391{background-color: #f4f4f4 !important;}\u00a0\u00bb][vc_column]\r\n\t<div class=\"headline\">\t\t\t\t\t\t\t\t\r\n\t\t<h3>Le G\u00eete Vert<\/h3>\t\t\t\t\t\r\n\t<\/div>\r\n\t[vc_row_inner][vc_column_inner width=\u00a0\u00bb1\/2&Prime;][vc_column_text]<\/p>\n<h4>Le g\u00eete vert est l\u00e9g\u00e8rement plus petit mais les \u00e9quipements sont les m\u00eames.<\/h4>\n<p>Il est rattach\u00e9 \u00e0 la maison principale et partage l&rsquo;entr\u00e9e principale mais poss\u00e8de sa propre porte s\u00e9curis\u00e9e depuis le hall d&rsquo;entr\u00e9e.[\/vc_column_text]\r\n\t<a class=\"btn btn-default\" href=\"\/book-online\/#1532357474908-eb08cc54-ea4f\">R\u00e9server le G\u00eete Vert<\/a>\r\n\t[\/vc_column_inner][vc_column_inner width=\u00a0\u00bb1\/2&Prime;][vc_gallery interval=\u00a0\u00bb3&Prime; images=\u00a0\u00bb1045,1046,1047,1050,1053,1054,1056,1057,1061,1065,1066&Prime; img_size=\u00a0\u00bblarge\u00a0\u00bb][\/vc_column_inner][\/vc_row_inner][\/vc_column][\/vc_row]<\/p>\n<\/div>","protected":false},"excerpt":{"rendered":"<p>[vc_row][vc_column width=\u00a0\u00bb1\/2&Prime;][vc_column_text] Les deux g\u00eetes de Villa Pastis vous accueillent tout au long de l&rsquo;ann\u00e9e. Ils offrent un grand confort et poss\u00e8dent tous deux une terrasse priv\u00e9e. La piscine est situ\u00e9e entre nos 2 logements. Ils sont expos\u00e9s au soleil toute la journ\u00e9e et b\u00e9n\u00e9ficient d&rsquo;une vue panoramique sur le mont Loz\u00e8re et les C\u00e9vennes. [&hellip;]<\/p>\n","protected":false},"author":1,"featured_media":0,"parent":0,"menu_order":0,"comment_status":"closed","ping_status":"closed","template":"","meta":{"_acf_changed":false,"footnotes":""},"acf":[],"_links":{"self":[{"href":"https:\/\/www.villapastisbarjac.com\/fr\/wp-json\/wp\/v2\/pages\/107"}],"collection":[{"href":"https:\/\/www.villapastisbarjac.com\/fr\/wp-json\/wp\/v2\/pages"}],"about":[{"href":"https:\/\/www.villapastisbarjac.com\/fr\/wp-json\/wp\/v2\/types\/page"}],"author":[{"embeddable":true,"href":"https:\/\/www.villapastisbarjac.com\/fr\/wp-json\/wp\/v2\/users\/1"}],"replies":[{"embeddable":true,"href":"https:\/\/www.villapastisbarjac.com\/fr\/wp-json\/wp\/v2\/comments?post=107"}],"version-history":[{"count":54,"href":"https:\/\/www.villapastisbarjac.com\/fr\/wp-json\/wp\/v2\/pages\/107\/revisions"}],"predecessor-version":[{"id":1076,"href":"https:\/\/www.villapastisbarjac.com\/fr\/wp-json\/wp\/v2\/pages\/107\/revisions\/1076"}],"wp:attachment":[{"href":"https:\/\/www.villapastisbarjac.com\/fr\/wp-json\/wp\/v2\/media?parent=107"}],"curies":[{"name":"wp","href":"https:\/\/api.w.org\/{rel}","templated":true}]}}