{"id":106,"date":"2017-01-16T12:34:04","date_gmt":"2017-01-16T12:34:04","guid":{"rendered":"http:\/\/www.villapastisbarjac.com\/?page_id=106"},"modified":"2023-01-01T14:21:06","modified_gmt":"2023-01-01T14:21:06","slug":"about-us","status":"publish","type":"page","link":"https:\/\/www.villapastisbarjac.com\/fr\/about-us\/","title":{"rendered":"Vos h\u00f4tes"},"content":{"rendered":"<div class=\"wpb-content-wrapper\"><p>[vc_row][vc_column width=\u00a0\u00bb1\/2&Prime;][vc_column_text]C\u2019est avec enthousiasme que nous reprenons la suite de Brigid &amp; Graham en nous installant \u00e0 Barjac \u00e0 la Villa Pastis. Notre volont\u00e9 est de nous inscrire dans la continuit\u00e9 et de faire de votre s\u00e9jour \u00e0 la Villa Pastis un moment de bien-\u00eatre et de s\u00e9r\u00e9nit\u00e9 en ce lieu inspirant o\u00f9 nous serons ravis de vous accueillir prochainement.<\/p>\n<p>Laurence &amp; Jean-Claude[\/vc_column_text][\/vc_column][vc_column width=\u00a0\u00bb1\/2&Prime;][vc_column_text][\/vc_column_text][\/vc_column][\/vc_row][vc_row full_width=\u00a0\u00bbstretch_row\u00a0\u00bb parallax=\u00a0\u00bbcontent-moving\u00a0\u00bb parallax_image=\u00a0\u00bb721&Prime; parallax_speed_bg=\u00a0\u00bb1.2&Prime;][vc_column width=\u00a0\u00bb1\/2&Prime;][\/vc_column][vc_column width=\u00a0\u00bb1\/2&Prime;]\r\n\t<div class=\"container_box text-box black\">\r\n       [vc_column_text]<\/p>\n<h2><strong>La Promesse\u00a0de la Villa\u00a0Pastis<\/strong><\/h2>\n<p>Nous ferons tout notre possible pour que votre s\u00e9jour \u00e0 Villa Pastis soit agr\u00e9able et que vous puissiez vous d\u00e9tendre avec un accueil chaleureux digne de Barjac.[\/vc_column_text]\r\n    <\/div>\r\n\t[\/vc_column][\/vc_row][vc_row full_width=\u00a0\u00bbstretch_row\u00a0\u00bb el_id=\u00a0\u00bbsection-2&Prime;][vc_column width=\u00a0\u00bb1\/3&Prime;]\r\n\t<a href=\"\/the-gites\/\" class=\"service-box\"> <img decoding=\"async\" src=\"https:\/\/www.villapastisbarjac.com\/wp-content\/uploads\/2022\/06\/Salon-g\u00eete-rouge-2.jpeg\">\r\n\t\t<div class=\"service-box-hover\">\r\n\t\t  <div class=\"moreTXT\">Lire la suite<\/div>\r\n\t\t<\/div>\r\n\t\t<div class=\"service-box-content\">\r\n\t\t  <h4>Les Gites<\/h4>\r\n\t\t  <h5>Logement<\/h5>\r\n\t\t  <h6>Lire la suite<\/h6>\r\n\t\t<\/div>\r\n\t<\/a>\r\n\t[\/vc_column][vc_column width=\u00a0\u00bb1\/3&Prime;]\r\n\t<a href=\"\/location\/barjac-area-activities\/\" class=\"service-box\"> <img decoding=\"async\" src=\"https:\/\/www.villapastisbarjac.com\/wp-content\/uploads\/2016\/12\/SERVICE-BOX2.jpg\">\r\n\t\t<div class=\"service-box-hover\">\r\n\t\t  <div class=\"moreTXT\">Lire la suite<\/div>\r\n\t\t<\/div>\r\n\t\t<div class=\"service-box-content\">\r\n\t\t  <h4>Barjac<\/h4>\r\n\t\t  <h5>La r\u00e9gion<\/h5>\r\n\t\t  <h6>Lire la suite<\/h6>\r\n\t\t<\/div>\r\n\t<\/a>\r\n\t[\/vc_column][vc_column width=\u00a0\u00bb1\/3&Prime;]\r\n\t<a href=\"\/location\/wider-region-activities\/\" class=\"service-box\"> <img decoding=\"async\" src=\"https:\/\/www.villapastisbarjac.com\/wp-content\/uploads\/2016\/12\/SERVICE-BOX3.jpg\">\r\n\t\t<div class=\"service-box-hover\">\r\n\t\t  <div class=\"moreTXT\">Lire la suite<\/div>\r\n\t\t<\/div>\r\n\t\t<div class=\"service-box-content\">\r\n\t\t  <h4>Activit\u00e9s<\/h4>\r\n\t\t  <h5>Choses \u00e0 faire<\/h5>\r\n\t\t  <h6>Lire la suite<\/h6>\r\n\t\t<\/div>\r\n\t<\/a>\r\n\t[\/vc_column][\/vc_row]<\/p>\n<\/div>","protected":false},"excerpt":{"rendered":"<p>[vc_row][vc_column width=\u00a0\u00bb1\/2&Prime;][vc_column_text]C\u2019est avec enthousiasme que nous reprenons la suite de Brigid &amp; Graham en nous installant \u00e0 Barjac \u00e0 la Villa Pastis. Notre volont\u00e9 est de nous inscrire dans la continuit\u00e9 et de faire de votre s\u00e9jour \u00e0 la Villa Pastis un moment de bien-\u00eatre et de s\u00e9r\u00e9nit\u00e9 en ce lieu inspirant o\u00f9 nous serons [&hellip;]<\/p>\n","protected":false},"author":1,"featured_media":0,"parent":0,"menu_order":0,"comment_status":"closed","ping_status":"closed","template":"","meta":{"_acf_changed":false,"footnotes":""},"acf":[],"_links":{"self":[{"href":"https:\/\/www.villapastisbarjac.com\/fr\/wp-json\/wp\/v2\/pages\/106"}],"collection":[{"href":"https:\/\/www.villapastisbarjac.com\/fr\/wp-json\/wp\/v2\/pages"}],"about":[{"href":"https:\/\/www.villapastisbarjac.com\/fr\/wp-json\/wp\/v2\/types\/page"}],"author":[{"embeddable":true,"href":"https:\/\/www.villapastisbarjac.com\/fr\/wp-json\/wp\/v2\/users\/1"}],"replies":[{"embeddable":true,"href":"https:\/\/www.villapastisbarjac.com\/fr\/wp-json\/wp\/v2\/comments?post=106"}],"version-history":[{"count":64,"href":"https:\/\/www.villapastisbarjac.com\/fr\/wp-json\/wp\/v2\/pages\/106\/revisions"}],"predecessor-version":[{"id":1079,"href":"https:\/\/www.villapastisbarjac.com\/fr\/wp-json\/wp\/v2\/pages\/106\/revisions\/1079"}],"wp:attachment":[{"href":"https:\/\/www.villapastisbarjac.com\/fr\/wp-json\/wp\/v2\/media?parent=106"}],"curies":[{"name":"wp","href":"https:\/\/api.w.org\/{rel}","templated":true}]}}