{"id":104,"date":"2017-01-16T12:33:49","date_gmt":"2017-01-16T12:33:49","guid":{"rendered":"http:\/\/www.villapastisbarjac.com\/?page_id=104"},"modified":"2022-06-01T17:59:25","modified_gmt":"2022-06-01T16:59:25","slug":"location","status":"publish","type":"page","link":"https:\/\/www.villapastisbarjac.com\/fr\/location\/","title":{"rendered":"Situation"},"content":{"rendered":"<div class=\"wpb-content-wrapper\"><p>[vc_row css=\u00a0\u00bb.vc_custom_1488299800132{padding-bottom: 0px !important;}\u00a0\u00bb][vc_column width=\u00a0\u00bb1\/2&Prime;][vc_column_text]\u00c0 la limite du Gard et de l&rsquo;Ard\u00e8che, entre les gorges de la C\u00e8ze et les gorges de l&rsquo;Ard\u00e8che, Barjac offre une vue magnifique des C\u00e9vennes jusqu&rsquo;au mont Aigoual et au mont Loz\u00e8re. C&rsquo;est un grand village, class\u00e9 parmi les villages de caract\u00e8re de France.<\/p>\n<p>Son remarquable patrimoine architectural comprend des mas, des fa\u00e7ades sculpt\u00e9es, des places, de jolies maisons traditionnelles en pierre r\u00e9nov\u00e9es, aux couleurs chaleureuses de la Provence et de charmantes ruelles pour se mettre \u00e0 l&rsquo;ombre en profitant d&rsquo;un verre sur une terrasse de caf\u00e9.[\/vc_column_text][\/vc_column][vc_column width=\u00a0\u00bb1\/2&Prime;][vc_column_text]C&rsquo;est un village de la Renaissance o\u00f9 vous trouverez plusieurs b\u00e2timents remarquables\u00a0: les vestiges des remparts du XIVe si\u00e8cle, le ch\u00e2teau des comtes de Roure (XVIe si\u00e8cle) dans lequel se situe l&rsquo;actuel h\u00f4tel de ville, l&rsquo;\u00e9glise et le monast\u00e8re des Capucins.[\/vc_column_text][\/vc_column][\/vc_row][vc_row full_width=\u00a0\u00bbstretch_row\u00a0\u00bb el_id=\u00a0\u00bbsection-6&Prime;][vc_column width=\u00a0\u00bb1\/3&Prime;]\r\n\t<div class=\"image-box no-hover equal-height feature-block\">                            \r\n\t\t<div class=\"image-box-thumbnail\">\r\n\t\t\t<img decoding=\"async\" src=\"https:\/\/www.villapastisbarjac.com\/wp-content\/uploads\/2017\/01\/barjac-area-cta1.jpg\" alt=\"Les alentours\">\r\n\t\t<\/div><!-- image-box-thumbnail -->                            \r\n\t\t<h6>ACTIVIT\u00c9S AUX ALENTOURS DE BARJAC<\/h6>\r\n\t\t<h4>Les alentours<\/h4>                            \r\n\t\t<p>Barjac est un excellent point de d\u00e9part pour de tr\u00e8s nombreuses activit\u00e9s touristiques et de nombreux anciens villages et sites naturels peuvent \u00eatre explor\u00e9s aux alentours. Vous trouverez \u00e0 proximit\u00e9 trois villages class\u00e9s parmi les \u00ab plus beaux villages de France \u00bb. Il s'agit d'Aigu\u00e8ze, Montclus et La Roque-sur-C\u00e8ze.<\/p>\r\n\t\t<a class=\"btn btn-default\" href=\"\/location\/barjac-area-activities\/\">Read more<\/a>\r\n\t<\/div>\r\n\t[\/vc_column][vc_column width=\u00a0\u00bb1\/3&Prime;]\r\n\t<div class=\"image-box no-hover equal-height feature-block\">                            \r\n\t\t<div class=\"image-box-thumbnail\">\r\n\t\t\t<img decoding=\"async\" src=\"https:\/\/www.villapastisbarjac.com\/wp-content\/uploads\/2017\/01\/wider-region-activities-cta.jpg\" alt=\"Forfaits cyclisme pour groupe basse saison\">\r\n\t\t<\/div><!-- image-box-thumbnail -->                            \r\n\t\t<h6>FORFAITS CYCLISME POUR GROUPES<\/h6>\r\n\t\t<h4>Forfaits cyclisme pour groupe basse saison<\/h4>                            \r\n\t\t<p>Le Tour de France traverse r\u00e9guli\u00e8rement notre r\u00e9gion. Les itin\u00e9raires parcourus comprennent des plateaux, des ascensions et la nature sauvage de l'Ard\u00e8che. Chaque g\u00eete dispose d'un lit double et d'un canap\u00e9-lit double. Le gite rouge peut ais\u00e9ment accueillir un lit pliant suppl\u00e9mentaire dans la chambre pour une occupation maximale de cinq personnes ayant toutes leur propre lit. Un suppl\u00e9ment modique de 20 euros pour le lit pliant par nuit sera factur\u00e9. <\/p>\r\n\t\t<a class=\"btn btn-default\" href=\"\/location\/cycling-in-france\/\">Read more<\/a>\r\n\t<\/div>\r\n\t[\/vc_column][vc_column width=\u00a0\u00bb1\/3&Prime;]\r\n\t<div class=\"image-box no-hover equal-height feature-block\">                            \r\n\t\t<div class=\"image-box-thumbnail\">\r\n\t\t\t<img decoding=\"async\" src=\"https:\/\/www.villapastisbarjac.com\/wp-content\/uploads\/2017\/01\/transport-cta.jpg\" alt=\"Les environs de Barjac\">\r\n\t\t<\/div><!-- image-box-thumbnail -->                            \r\n\t\t<h6>ACTIVIT\u00c9S DANS LA R\u00c9GION<\/h6>\r\n\t\t<h4>Les environs de Barjac<\/h4>                            \r\n\t\t<p>Barjac est une base id\u00e9ale pour explorer l\u2019Ard\u00e8che au nord, le Rh\u00f4ne majestueux \u00e0 l'est qui traverse la Provence, ou la M\u00e9diterran\u00e9e vers le sud. Voici quelques sites d'int\u00e9r\u00eat accompagn\u00e9s des temps de trajet estim\u00e9s selon Google Maps. \u2022 Uz\u00e8s \u2013 43 min \u2022 Pont du Gard \u2013 57 min \u2013 http:\/\/www.pontdugard.fr\/fr \u2022 Avignon \u2013 1 h 7 min \u2022 Gordes (Le Luberon) \u2013 1 heure 41 min \u2022 N\u00eemes \u2013 1 h 10 min \u2022 Plages de la M\u00e9diterran\u00e9e \u00e0 La Grande-Motte \u2013 1 h 45 min<\/p>\r\n\t\t<a class=\"btn btn-default\" href=\"\/location\/wider-region-activities\/\">Read more<\/a>\r\n\t<\/div>\r\n\t[\/vc_column][vc_column el_class=\u00a0\u00bbtext-center\u00a0\u00bb][vc_column_text]Pour des informations sur les moyens de se rendre en France et \u00e0 Barjac, cliquez sur le lien ci-dessous :[\/vc_column_text]\r\n\t<a class=\"btn btn-default\" href=\"\/location\/getting-here\/\">Getting here<\/a>\r\n\t[\/vc_column][\/vc_row]<\/p>\n<\/div>","protected":false},"excerpt":{"rendered":"<p>[vc_row css=\u00a0\u00bb.vc_custom_1488299800132{padding-bottom: 0px !important;}\u00a0\u00bb][vc_column width=\u00a0\u00bb1\/2&Prime;][vc_column_text]\u00c0 la limite du Gard et de l&rsquo;Ard\u00e8che, entre les gorges de la C\u00e8ze et les gorges de l&rsquo;Ard\u00e8che, Barjac offre une vue magnifique des C\u00e9vennes jusqu&rsquo;au mont Aigoual et au mont Loz\u00e8re. C&rsquo;est un grand village, class\u00e9 parmi les villages de caract\u00e8re de France. Son remarquable patrimoine architectural comprend des [&hellip;]<\/p>\n","protected":false},"author":1,"featured_media":0,"parent":0,"menu_order":0,"comment_status":"closed","ping_status":"closed","template":"","meta":{"_acf_changed":false,"footnotes":""},"acf":[],"_links":{"self":[{"href":"https:\/\/www.villapastisbarjac.com\/fr\/wp-json\/wp\/v2\/pages\/104"}],"collection":[{"href":"https:\/\/www.villapastisbarjac.com\/fr\/wp-json\/wp\/v2\/pages"}],"about":[{"href":"https:\/\/www.villapastisbarjac.com\/fr\/wp-json\/wp\/v2\/types\/page"}],"author":[{"embeddable":true,"href":"https:\/\/www.villapastisbarjac.com\/fr\/wp-json\/wp\/v2\/users\/1"}],"replies":[{"embeddable":true,"href":"https:\/\/www.villapastisbarjac.com\/fr\/wp-json\/wp\/v2\/comments?post=104"}],"version-history":[{"count":28,"href":"https:\/\/www.villapastisbarjac.com\/fr\/wp-json\/wp\/v2\/pages\/104\/revisions"}],"predecessor-version":[{"id":1074,"href":"https:\/\/www.villapastisbarjac.com\/fr\/wp-json\/wp\/v2\/pages\/104\/revisions\/1074"}],"wp:attachment":[{"href":"https:\/\/www.villapastisbarjac.com\/fr\/wp-json\/wp\/v2\/media?parent=104"}],"curies":[{"name":"wp","href":"https:\/\/api.w.org\/{rel}","templated":true}]}}